{"id":940,"date":"2022-02-04T14:39:53","date_gmt":"2022-02-04T13:39:53","guid":{"rendered":"https:\/\/ariadnespaths.com\/terminos-y-condiciones\/"},"modified":"2022-02-11T22:55:31","modified_gmt":"2022-02-11T21:55:31","slug":"terms-and-conditions","status":"publish","type":"page","link":"https:\/\/ariadnespaths.com\/en\/terms-and-conditions\/","title":{"rendered":"Terms and Conditions"},"content":{"rendered":"<h2>T\u00c9RMINOS Y CONDICIONES<\/h2>\n<p><strong>INFORMACI\u00d3N GENERAL<\/strong><br \/>\nLa titularidad de este sitio web, www.ariadnespaths.com (en adelante Sitio Web) la ostenta A. Veiga, con NIF 33351555Z, y cuyos datos de contacto son:<\/p>\n<p>Direcci\u00f3n: Vel\u00e1zquez Moreno, 29, 3, 2-3, 36202 Vigo Pontevedra<\/p>\n<p>Tel\u00e9fono de contacto: 655538020<\/p>\n<p>Email de contacto: ariadnespaths@gmail.com<\/p>\n<p>Este documento (as\u00ed como otros documentos que aqu\u00ed se mencionen) regula las condiciones por las que se rige el uso de este Sitio Web.<\/p>\n<p>A efectos de estas Condiciones se entiende que la actividad que desarrolla a trav\u00e9s del Sitio Web comprende la recogida de datos an\u00f3nimos de participantes voluntarios en un estudio sobre altas capacidades en adultos.<\/p>\n<p>Adem\u00e1s de leer las presentes Condiciones, antes de acceder, navegar y\/o usar esta p\u00e1gina web, el Usuario ha de haber le\u00eddo el Aviso Legal y las Condiciones Generales de Uso, incluyendo, la pol\u00edtica de cookies, y la pol\u00edtica de privacidad y de protecci\u00f3n de datos. Al utilizar este Sitio Web el Usuario consiente quedar vinculado por estas Condiciones y por todo lo anteriormente mencionado, por lo que si no est\u00e1 de acuerdo con todo ello, no debe usar este Sitio Web.<\/p>\n<p>Asimismo, se informa que estas Condiciones podr\u00edan ser modificadas. El Usuario es responsable de consultarlas cada vez que acceda, navegue y\/o use el Sitio Web ya que ser\u00e1n aplicables aquellas que se encuentren vigentes en el momento en que se visite el Sitio Web.<\/p>\n<p>Para todas las preguntas que el Usuario pueda tener en relaci\u00f3n con las Condiciones puede ponerse en contacto con el titular utilizando los datos de contacto facilitados m\u00e1s arriba o, en su caso, utilizando el formulario de contacto.<\/p>\n<p><strong>EL USUARIO<\/strong><br \/>\nEl acceso, la navegaci\u00f3n y uso del Sitio Web, confiere la condici\u00f3n de usuario (en adelante referido, indistintamente, individualmente como Usuario o conjuntamente como Usuarios), por lo que se aceptan, desde que se inicia la navegaci\u00f3n por el Sitio Web, todas las Condiciones aqu\u00ed establecidas, as\u00ed como sus ulteriores modificaciones, sin perjuicio de la aplicaci\u00f3n de la correspondiente normativa legal de obligado cumplimiento seg\u00fan el caso.<\/p>\n<p>El Usuario asume su responsabilidad de un uso correcto del Sitio Web. Esta responsabilidad se extender\u00e1 a:<\/p>\n<ul>\n<li>Hacer uso de este Sitio Web \u00fanicamente para realizar consultas legalmente v\u00e1lidas.<\/li>\n<li>No dar ninguna informaci\u00f3n falsa o fraudulenta.<\/li>\n<li>Facilitar datos de contacto veraces y l\u00edcitos, por ejemplo, direcci\u00f3n de correo electr\u00f3nico, direcci\u00f3n postal y\/u otros datos (ver Aviso Legal y Condiciones Generales de Uso).<\/li>\n<\/ul>\n<p>El Usuario declara ser mayor de 18 a\u00f1os y tener capacidad legal para celebrar contratos a trav\u00e9s de este Sitio Web.<\/p>\n<p>El Sitio Web est\u00e1 dirigido principalmente a Usuarios residentes en Espa\u00f1a, no asegura que el Sitio Web cumpla con legislaciones de otros pa\u00edses, ya sea total o parcialmente. A. Veiga declina toda responsabilidad que se pueda derivar de dicho acceso.<\/p>\n<p><strong>CONSENTIMIENTO INFORMADO &#8211; INFORMACI\u00d3N<\/strong><br \/>\nEl objetivo del Sitio Web es recoger datos para la investigaci\u00f3n acerca de altas capacidades intelectuales en adultos, con el objetivo de aumentar el autoconocimiento de este colectivo y darle m\u00e1s visibilidad en la sociedad en general.<\/p>\n<p>No existen fuentes de financiaci\u00f3n externas a este proyecto.<\/p>\n<p>El \u00fanico criterio de elegibilidad es la voluntad de participar y dar datos veraces acerca de las propias experiencias rellenando la encuesta incluida en el Sitio Web.<\/p>\n<p>La participaci\u00f3n es en todo caso voluntaria y el tratamiento de los datos es an\u00f3nimo. Las personas que analizar\u00e1n la informaci\u00f3n no conocer\u00e1n la identidad del participante, solamente ver\u00e1n su c\u00f3digo an\u00f3nimo.<\/p>\n<p>La participaci\u00f3n del usuario rellenando la encuesta en el Sitio Web implica su conformidad con los presentes T\u00e9rminos y Condiciones.<\/p>\n<p>Tras su participaci\u00f3n habiendo completado la encuesta, el usuario recibir\u00e1, si ingresa su c\u00f3digo de usuario y su contrase\u00f1a, un informe basado en sus respuestas, con las conclusiones de los \u00faltimos estudios cient\u00edficos (de 2011 a 2021) sobre el tema de altas capacidades intelectuales en adultos.<\/p>\n<p>Adem\u00e1s, podr\u00e1 recibir un segundo informe con las conclusiones de este estudio cuando el an\u00e1lisis sea finalizado.<\/p>\n<p>Cualquier participante puede indicar sus preguntas \u00f3 comentarios a trav\u00e9s del apartado de comentarios del Sitio Web.<\/p>\n","protected":false},"excerpt":{"rendered":"<p>T\u00c9RMINOS Y CONDICIONES INFORMACI\u00d3N GENERAL La titularidad de este sitio web, www.ariadnespaths.com (en adelante Sitio Web) la ostenta A. Veiga, con NIF 33351555Z, y cuyos datos de contacto son: Direcci\u00f3n: Vel\u00e1zquez Moreno, 29, 3, 2-3, 36202 Vigo Pontevedra Tel\u00e9fono de contacto: 655538020 Email de contacto: ariadnespaths@gmail.com Este documento (as\u00ed como otros documentos que aqu\u00ed se [&hellip;]<\/p>\n","protected":false},"author":1,"featured_media":0,"parent":0,"menu_order":0,"comment_status":"closed","ping_status":"closed","template":"","meta":{"footnotes":""},"class_list":["post-940","page","type-page","status-publish","hentry"],"_links":{"self":[{"href":"https:\/\/ariadnespaths.com\/en\/wp-json\/wp\/v2\/pages\/940","targetHints":{"allow":["GET"]}}],"collection":[{"href":"https:\/\/ariadnespaths.com\/en\/wp-json\/wp\/v2\/pages"}],"about":[{"href":"https:\/\/ariadnespaths.com\/en\/wp-json\/wp\/v2\/types\/page"}],"author":[{"embeddable":true,"href":"https:\/\/ariadnespaths.com\/en\/wp-json\/wp\/v2\/users\/1"}],"replies":[{"embeddable":true,"href":"https:\/\/ariadnespaths.com\/en\/wp-json\/wp\/v2\/comments?post=940"}],"version-history":[{"count":2,"href":"https:\/\/ariadnespaths.com\/en\/wp-json\/wp\/v2\/pages\/940\/revisions"}],"predecessor-version":[{"id":1062,"href":"https:\/\/ariadnespaths.com\/en\/wp-json\/wp\/v2\/pages\/940\/revisions\/1062"}],"wp:attachment":[{"href":"https:\/\/ariadnespaths.com\/en\/wp-json\/wp\/v2\/media?parent=940"}],"curies":[{"name":"wp","href":"https:\/\/api.w.org\/{rel}","templated":true}]}}